{"id":4924,"date":"2021-07-07T13:24:53","date_gmt":"2021-07-07T13:24:53","guid":{"rendered":"https:\/\/spinnaker.hr\/unser-team\/"},"modified":"2025-01-16T11:28:51","modified_gmt":"2025-01-16T11:28:51","slug":"unser-team","status":"publish","type":"page","link":"https:\/\/spinnaker.hr\/de\/unser-team\/","title":{"rendered":"Unser Team"},"content":{"rendered":"\t\t<div data-elementor-type=\"wp-page\" data-elementor-id=\"4924\" class=\"elementor elementor-4924 elementor-695\">\n\t\t\t\t\t\t<section class=\"elementor-section elementor-top-section elementor-element elementor-element-d0cda47 elementor-section-full_width elementor-hidden-desktop elementor-hidden-tablet elementor-hidden-phone elementor-section-height-default elementor-section-height-default parallax_section_no qode_elementor_container_no\" data-id=\"d0cda47\" data-element_type=\"section\" data-settings=\"{&quot;background_background&quot;:&quot;classic&quot;}\">\n\t\t\t\t\t\t<div class=\"elementor-container elementor-column-gap-default\">\n\t\t\t\t\t<div class=\"elementor-column elementor-col-100 elementor-top-column elementor-element elementor-element-8ef973f\" data-id=\"8ef973f\" data-element_type=\"column\">\n\t\t\t<div class=\"elementor-widget-wrap elementor-element-populated\">\n\t\t\t\t\t\t<div class=\"elementor-element elementor-element-d9497f0 elementor-widget elementor-widget-text-editor\" data-id=\"d9497f0\" data-element_type=\"widget\" data-widget_type=\"text-editor.default\">\n\t\t\t\t<div class=\"elementor-widget-container\">\n\t\t\t\t\t\t\t\t\t<h1 style=\"text-align: center;\"><span style=\"color: #ffffff;\">Unser Team<\/span><\/h1>\n\t\t\t\t\t\t\t\t<\/div>\n\t\t\t\t<\/div>\n\t\t\t\t\t<\/div>\n\t\t<\/div>\n\t\t\t\t\t<\/div>\n\t\t<\/section>\n\t\t\t\t<section class=\"elementor-section elementor-top-section elementor-element elementor-element-3982052 elementor-section-full_width qode_elementor_container_inner elementor-section-height-default elementor-section-height-default parallax_section_no\" data-id=\"3982052\" data-element_type=\"section\">\n\t\t\t\t\t\t<div class=\"elementor-container elementor-column-gap-default\">\n\t\t\t\t\t<div class=\"elementor-column elementor-col-100 elementor-top-column elementor-element elementor-element-18991ab\" data-id=\"18991ab\" data-element_type=\"column\">\n\t\t\t<div class=\"elementor-widget-wrap elementor-element-populated\">\n\t\t\t\t\t\t<div class=\"elementor-element elementor-element-ecc6a9e elementor-widget elementor-widget-text-editor\" data-id=\"ecc6a9e\" data-element_type=\"widget\" data-widget_type=\"text-editor.default\">\n\t\t\t\t<div class=\"elementor-widget-container\">\n\t\t\t\t\t\t\t\t\t<h4>Freundlichkeit, Hilfsbereitschaft und ein L\u00e4cheln sind unsere Leitlinien f\u00fcr einen guten ersten Eindruck. Kompetenz in der Zubereitung und Pr\u00e4sentation von Speisen und Weinen sowie \u00e4u\u00dferste Diskretion sind unsere oberste Priorit\u00e4t w\u00e4hrend Ihres Aufenthaltes und Ihre Zufriedenheit und Ihre R\u00fcckkehr unsere Belohnung.<\/h4>\n\t\t\t\t\t\t\t\t<\/div>\n\t\t\t\t<\/div>\n\t\t\t\t\t<\/div>\n\t\t<\/div>\n\t\t\t\t\t<\/div>\n\t\t<\/section>\n\t\t\t\t<section class=\"elementor-section elementor-top-section elementor-element elementor-element-fe3b5f3 elementor-section-full_width qode_elementor_container_inner elementor-section-height-default elementor-section-height-default parallax_section_no\" data-id=\"fe3b5f3\" data-element_type=\"section\">\n\t\t\t\t\t\t<div class=\"elementor-container elementor-column-gap-default\">\n\t\t\t\t\t<div class=\"elementor-column elementor-col-100 elementor-top-column elementor-element elementor-element-190e426\" data-id=\"190e426\" data-element_type=\"column\">\n\t\t\t<div class=\"elementor-widget-wrap elementor-element-populated\">\n\t\t\t\t\t\t\t<\/div>\n\t\t<\/div>\n\t\t\t\t\t<\/div>\n\t\t<\/section>\n\t\t\t\t<section class=\"elementor-section elementor-top-section elementor-element elementor-element-29215d8 elementor-section-full_width qode_elementor_container_inner elementor-section-height-default elementor-section-height-default parallax_section_no\" data-id=\"29215d8\" data-element_type=\"section\">\n\t\t\t\t\t\t<div class=\"elementor-container elementor-column-gap-default\">\n\t\t\t\t\t<div class=\"elementor-column elementor-col-33 elementor-top-column elementor-element elementor-element-8b254ee\" data-id=\"8b254ee\" data-element_type=\"column\">\n\t\t\t<div class=\"elementor-widget-wrap elementor-element-populated\">\n\t\t\t\t\t\t<div class=\"elementor-element elementor-element-fb49f84 elementor-widget elementor-widget-bridge_image_gallery\" data-id=\"fb49f84\" data-element_type=\"widget\" data-widget_type=\"bridge_image_gallery.default\">\n\t\t\t\t<div class=\"elementor-widget-container\">\n\t\t\t\t\t<div class=\"qode-image-gallery\"><div class=\"qode-image-gallery-inner\"><div class=\"qode-image-gallery-slides wpb_image_grid\" data-interval=\"\"data-control=\"false\"data-direction=\"false\"data-pause-on-hover=\"false\"data-drag=\"false\"><div class=\"gallery_holder\"><ul class=\"gallery_inner   v0\"><li class=\"no_grayscale\"><img decoding=\"async\" itemprop=\"image\" src=\"https:\/\/erz2erqb3k3.exactdn.com\/wp-content\/uploads\/2024\/05\/SPINNAKER-TIM-PETAR-BOZIC.jpg?strip=all\" \/><\/li><\/ul><\/div><\/div><\/div><\/div>\t\t\t\t<\/div>\n\t\t\t\t<\/div>\n\t\t\t\t<div class=\"elementor-element elementor-element-543724b elementor-widget elementor-widget-text-editor\" data-id=\"543724b\" data-element_type=\"widget\" data-widget_type=\"text-editor.default\">\n\t\t\t\t<div class=\"elementor-widget-container\">\n\t\t\t\t\t\t\t\t\t<h3>Petar Bo\u017ei\u0107<\/h3>\n\t\t\t\t\t\t\t\t<\/div>\n\t\t\t\t<\/div>\n\t\t\t\t<div class=\"elementor-element elementor-element-1c2e3af elementor-widget elementor-widget-text-editor\" data-id=\"1c2e3af\" data-element_type=\"widget\" data-widget_type=\"text-editor.default\">\n\t\t\t\t<div class=\"elementor-widget-container\">\n\t\t\t\t\t\t\t\t\t<div class=\"wpb_text_column wpb_content_element \">\n<div class=\"wpb_wrapper\">\n<h5><span style=\"color: #9a9999;\">Chef<\/span><\/h5>\n<\/div>\n<\/div>\n<div class=\"vc_empty_space\"> <\/div>\n\t\t\t\t\t\t\t\t<\/div>\n\t\t\t\t<\/div>\n\t\t\t\t<div class=\"elementor-element elementor-element-e829c1b elementor-widget elementor-widget-text-editor\" data-id=\"e829c1b\" data-element_type=\"widget\" data-widget_type=\"text-editor.default\">\n\t\t\t\t<div class=\"elementor-widget-container\">\n\t\t\t\t\t\t\t\t\t<p>Im Alter von nur 27 Jahren hat sich unser vielversprechender und talentierter Chefkoch aus Ka\u0161tela einen Namen im Bereich der innovativen K\u00fcche gemacht, die moderne Zubereitungstechniken zu einem einzigartigen Erlebnis verbindet.<\/p>\n<p>Nachdem er die Erfahrung in besten \u201eFine Dining\u201c Restaurants gesammelt hat, ist er seit drei Jahren Teil unseres engagierten Teams im Restaurant Spinnaker, dessen K\u00fcche ungew\u00f6hnliche Kombinationen voller Aromen und neuer Geschmacksrichtungen hervorbringt, die selbst den Gaumen der anspruchsvollsten Feinschmecker verzaubern werden.<\/p>\n\t\t\t\t\t\t\t\t<\/div>\n\t\t\t\t<\/div>\n\t\t\t\t\t<\/div>\n\t\t<\/div>\n\t\t\t\t<div class=\"elementor-column elementor-col-33 elementor-top-column elementor-element elementor-element-f9b320b\" data-id=\"f9b320b\" data-element_type=\"column\">\n\t\t\t<div class=\"elementor-widget-wrap elementor-element-populated\">\n\t\t\t\t\t\t<div class=\"elementor-element elementor-element-365fcba elementor-widget elementor-widget-bridge_image_gallery\" data-id=\"365fcba\" data-element_type=\"widget\" data-widget_type=\"bridge_image_gallery.default\">\n\t\t\t\t<div class=\"elementor-widget-container\">\n\t\t\t\t\t<div class=\"qode-image-gallery\"><div class=\"qode-image-gallery-inner\"><div class=\"qode-image-gallery-slides wpb_image_grid\" data-interval=\"\"data-control=\"false\"data-direction=\"false\"data-pause-on-hover=\"false\"data-drag=\"false\"><div class=\"gallery_holder\"><ul class=\"gallery_inner   v0\"><li class=\"no_grayscale\"><img decoding=\"async\" itemprop=\"image\" src=\"https:\/\/erz2erqb3k3.exactdn.com\/wp-content\/uploads\/2023\/02\/SPINNAKER-TIM-MLADEN-MISKOVIC.jpg?strip=all\" \/><\/li><\/ul><\/div><\/div><\/div><\/div>\t\t\t\t<\/div>\n\t\t\t\t<\/div>\n\t\t\t\t<div class=\"elementor-element elementor-element-d44849e elementor-widget elementor-widget-text-editor\" data-id=\"d44849e\" data-element_type=\"widget\" data-widget_type=\"text-editor.default\">\n\t\t\t\t<div class=\"elementor-widget-container\">\n\t\t\t\t\t\t\t\t\t<h3>Mladen Mi\u0161kovi\u0107<\/h3>\n\t\t\t\t\t\t\t\t<\/div>\n\t\t\t\t<\/div>\n\t\t\t\t<div class=\"elementor-element elementor-element-fe7e73c elementor-widget elementor-widget-text-editor\" data-id=\"fe7e73c\" data-element_type=\"widget\" data-widget_type=\"text-editor.default\">\n\t\t\t\t<div class=\"elementor-widget-container\">\n\t\t\t\t\t\t\t\t\t<div class=\"wpb_text_column wpb_content_element \">\n<div class=\"wpb_wrapper\">\n<h5><span style=\"color: #9a9999;\">Restaurantleiter<\/span><\/h5>\n<\/div>\n<\/div>\n<div class=\"vc_empty_space\"> <\/div>\n\t\t\t\t\t\t\t\t<\/div>\n\t\t\t\t<\/div>\n\t\t\t\t<div class=\"elementor-element elementor-element-3587727 elementor-widget elementor-widget-text-editor\" data-id=\"3587727\" data-element_type=\"widget\" data-widget_type=\"text-editor.default\">\n\t\t\t\t<div class=\"elementor-widget-container\">\n\t\t\t\t\t\t\t\t\t<p>Mladen Mi\u0161kovi\u0107 ist mit langj\u00e4hriger Erfahrung in der Gastronomie ausgestattet, die er in f\u00fchrenden Restaurants der Region Split-Dalmatien erworben hat. Die Leitung des Restaurants Spinnaker ist f\u00fcr ihn Herausforderung und Vergn\u00fcgen zugleich: &#8222;Es ist eine spannende und dynamische Aufgabe, die organisatorische Verantwortung mit sich bringt und viel Kreativit\u00e4t beim Pr\u00e4sentieren, Anrichten und Servieren von Speisen und Getr\u00e4nken erfordert.&#8220;  <\/p>\n<p>Die gr\u00f6\u00dfte Freude an seiner Arbeit bereitet ihm das gut eingespielte Team und die wundersch\u00f6ne Lage direkt am Meer.<\/p>\n\t\t\t\t\t\t\t\t<\/div>\n\t\t\t\t<\/div>\n\t\t\t\t\t<\/div>\n\t\t<\/div>\n\t\t\t\t<div class=\"elementor-column elementor-col-33 elementor-top-column elementor-element elementor-element-862b561\" data-id=\"862b561\" data-element_type=\"column\">\n\t\t\t<div class=\"elementor-widget-wrap elementor-element-populated\">\n\t\t\t\t\t\t<div class=\"elementor-element elementor-element-2f8189c elementor-widget elementor-widget-bridge_image_gallery\" data-id=\"2f8189c\" data-element_type=\"widget\" data-widget_type=\"bridge_image_gallery.default\">\n\t\t\t\t<div class=\"elementor-widget-container\">\n\t\t\t\t\t<div class=\"qode-image-gallery\"><div class=\"qode-image-gallery-inner\"><div class=\"qode-image-gallery-slides wpb_image_grid\" data-interval=\"\"data-control=\"false\"data-direction=\"false\"data-pause-on-hover=\"false\"data-drag=\"false\"><div class=\"gallery_holder\"><ul class=\"gallery_inner   v0\"><li class=\"no_grayscale\"><img decoding=\"async\" itemprop=\"image\" src=\"https:\/\/erz2erqb3k3.exactdn.com\/wp-content\/uploads\/2024\/05\/SPINNAKER-TIM-PETAR-MATAS-01.jpg?strip=all\" \/><\/li><\/ul><\/div><\/div><\/div><\/div>\t\t\t\t<\/div>\n\t\t\t\t<\/div>\n\t\t\t\t<div class=\"elementor-element elementor-element-77573fb elementor-widget elementor-widget-text-editor\" data-id=\"77573fb\" data-element_type=\"widget\" data-widget_type=\"text-editor.default\">\n\t\t\t\t<div class=\"elementor-widget-container\">\n\t\t\t\t\t\t\t\t\t<h3>Stjepan Matas<\/h3>\n\t\t\t\t\t\t\t\t<\/div>\n\t\t\t\t<\/div>\n\t\t\t\t<div class=\"elementor-element elementor-element-b872b46 elementor-widget elementor-widget-text-editor\" data-id=\"b872b46\" data-element_type=\"widget\" data-widget_type=\"text-editor.default\">\n\t\t\t\t<div class=\"elementor-widget-container\">\n\t\t\t\t\t\t\t\t\t<div class=\"wpb_text_column wpb_content_element \">\n<div class=\"wpb_wrapper\">\n<h5><span style=\"color: #9a9999;\">Sous Chef<\/span><\/h5>\n<\/div>\n<\/div>\n<div class=\"vc_empty_space\"> <\/div>\n\t\t\t\t\t\t\t\t<\/div>\n\t\t\t\t<\/div>\n\t\t\t\t<div class=\"elementor-element elementor-element-d75a973 elementor-widget elementor-widget-text-editor\" data-id=\"d75a973\" data-element_type=\"widget\" data-widget_type=\"text-editor.default\">\n\t\t\t\t<div class=\"elementor-widget-container\">\n\t\t\t\t\t\t\t\t\t<p>Im Laufe meiner Karriere habe ich viele verschiedene Kochstile ausprobiert, aber meine Neugier hat mich zu der Position gef\u00fchrt, in der ich mich befinde, n\u00e4mlich derjenige zu sein, der st\u00e4ndig neue Gerichte probiert und entdeckt, wie viele Arten ich Lebensmittel verarbeiten kann.<\/p>\n\t\t\t\t\t\t\t\t<\/div>\n\t\t\t\t<\/div>\n\t\t\t\t\t<\/div>\n\t\t<\/div>\n\t\t\t\t\t<\/div>\n\t\t<\/section>\n\t\t\t\t<section class=\"elementor-section elementor-top-section elementor-element elementor-element-fd6b8ce elementor-section-full_width qode_elementor_container_inner elementor-section-height-default elementor-section-height-default parallax_section_no\" data-id=\"fd6b8ce\" data-element_type=\"section\">\n\t\t\t\t\t\t<div class=\"elementor-container elementor-column-gap-default\">\n\t\t\t\t\t<div class=\"elementor-column elementor-col-33 elementor-top-column elementor-element elementor-element-d3af89a\" data-id=\"d3af89a\" data-element_type=\"column\">\n\t\t\t<div class=\"elementor-widget-wrap elementor-element-populated\">\n\t\t\t\t\t\t<div class=\"elementor-element elementor-element-89dcccb elementor-widget elementor-widget-bridge_image_gallery\" data-id=\"89dcccb\" data-element_type=\"widget\" data-widget_type=\"bridge_image_gallery.default\">\n\t\t\t\t<div class=\"elementor-widget-container\">\n\t\t\t\t\t<div class=\"qode-image-gallery\"><div class=\"qode-image-gallery-inner\"><div class=\"qode-image-gallery-slides wpb_image_grid\" data-interval=\"\"data-control=\"false\"data-direction=\"false\"data-pause-on-hover=\"false\"data-drag=\"false\"><div class=\"gallery_holder\"><ul class=\"gallery_inner   v0\"><li class=\"no_grayscale\"><img decoding=\"async\" itemprop=\"image\" src=\"https:\/\/erz2erqb3k3.exactdn.com\/wp-content\/uploads\/2024\/05\/SPINNAKER-TEAM-ISPOT-PETRA-BOZICA-01.jpg?strip=all\" \/><\/li><\/ul><\/div><\/div><\/div><\/div>\t\t\t\t<\/div>\n\t\t\t\t<\/div>\n\t\t\t\t\t<\/div>\n\t\t<\/div>\n\t\t\t\t<div class=\"elementor-column elementor-col-33 elementor-top-column elementor-element elementor-element-0160676\" data-id=\"0160676\" data-element_type=\"column\">\n\t\t\t<div class=\"elementor-widget-wrap elementor-element-populated\">\n\t\t\t\t\t\t<div class=\"elementor-element elementor-element-8c4f242 elementor-widget elementor-widget-bridge_image_gallery\" data-id=\"8c4f242\" data-element_type=\"widget\" data-widget_type=\"bridge_image_gallery.default\">\n\t\t\t\t<div class=\"elementor-widget-container\">\n\t\t\t\t\t<div class=\"qode-image-gallery\"><div class=\"qode-image-gallery-inner\"><div class=\"qode-image-gallery-slides wpb_image_grid\" data-interval=\"\"data-control=\"false\"data-direction=\"false\"data-pause-on-hover=\"false\"data-drag=\"false\"><div class=\"gallery_holder\"><ul class=\"gallery_inner   v0\"><li class=\"no_grayscale\"><img decoding=\"async\" itemprop=\"image\" src=\"https:\/\/erz2erqb3k3.exactdn.com\/wp-content\/uploads\/2024\/05\/SPIINAKER-TIM-ISPOD-MLADENA-01.jpg?strip=all\" \/><\/li><\/ul><\/div><\/div><\/div><\/div>\t\t\t\t<\/div>\n\t\t\t\t<\/div>\n\t\t\t\t\t<\/div>\n\t\t<\/div>\n\t\t\t\t<div class=\"elementor-column elementor-col-33 elementor-top-column elementor-element elementor-element-d3e0eaa\" data-id=\"d3e0eaa\" data-element_type=\"column\">\n\t\t\t<div class=\"elementor-widget-wrap elementor-element-populated\">\n\t\t\t\t\t\t<div class=\"elementor-element elementor-element-ea862f9 elementor-widget elementor-widget-bridge_image_gallery\" data-id=\"ea862f9\" data-element_type=\"widget\" data-widget_type=\"bridge_image_gallery.default\">\n\t\t\t\t<div class=\"elementor-widget-container\">\n\t\t\t\t\t<div class=\"qode-image-gallery\"><div class=\"qode-image-gallery-inner\"><div class=\"qode-image-gallery-slides wpb_image_grid\" data-interval=\"\"data-control=\"false\"data-direction=\"false\"data-pause-on-hover=\"false\"data-drag=\"false\"><div class=\"gallery_holder\"><ul class=\"gallery_inner   v0\"><li class=\"no_grayscale\"><img decoding=\"async\" itemprop=\"image\" src=\"https:\/\/erz2erqb3k3.exactdn.com\/wp-content\/uploads\/2024\/05\/SPINNAKER-TEAM-ISPOD-MATAS.jpg?strip=all\" \/><\/li><\/ul><\/div><\/div><\/div><\/div>\t\t\t\t<\/div>\n\t\t\t\t<\/div>\n\t\t\t\t\t<\/div>\n\t\t<\/div>\n\t\t\t\t\t<\/div>\n\t\t<\/section>\n\t\t\t\t<section class=\"elementor-section elementor-top-section elementor-element elementor-element-b966fbf elementor-section-full_width elementor-section-height-full elementor-section-content-middle elementor-section-height-default elementor-section-items-middle parallax_section_no qode_elementor_container_no\" data-id=\"b966fbf\" data-element_type=\"section\" data-settings=\"{&quot;background_background&quot;:&quot;classic&quot;}\">\n\t\t\t\t\t\t<div class=\"elementor-container elementor-column-gap-no\">\n\t\t\t\t\t<div class=\"elementor-column elementor-col-100 elementor-top-column elementor-element elementor-element-8c7d621\" data-id=\"8c7d621\" data-element_type=\"column\">\n\t\t\t<div class=\"elementor-widget-wrap elementor-element-populated\">\n\t\t\t\t\t\t<div class=\"elementor-element elementor-element-0066e66 elementor-widget elementor-widget-image\" data-id=\"0066e66\" data-element_type=\"widget\" data-widget_type=\"image.default\">\n\t\t\t\t<div class=\"elementor-widget-container\">\n\t\t\t\t\t\t\t\t\t\t\t\t\t\t\t<img fetchpriority=\"high\" decoding=\"async\" width=\"1920\" height=\"980\" src=\"https:\/\/erz2erqb3k3.exactdn.com\/wp-content\/uploads\/2025\/01\/nas-tim-spinnaker-1.jpg?strip=all\" class=\"attachment-full size-full wp-image-7739\" alt=\"\" srcset=\"https:\/\/erz2erqb3k3.exactdn.com\/wp-content\/uploads\/2025\/01\/nas-tim-spinnaker-1.jpg?strip=all 1920w, https:\/\/erz2erqb3k3.exactdn.com\/wp-content\/uploads\/2025\/01\/nas-tim-spinnaker-1-300x153.jpg?strip=all 300w, https:\/\/erz2erqb3k3.exactdn.com\/wp-content\/uploads\/2025\/01\/nas-tim-spinnaker-1-1024x523.jpg?strip=all 1024w, https:\/\/erz2erqb3k3.exactdn.com\/wp-content\/uploads\/2025\/01\/nas-tim-spinnaker-1-768x392.jpg?strip=all 768w, https:\/\/erz2erqb3k3.exactdn.com\/wp-content\/uploads\/2025\/01\/nas-tim-spinnaker-1-1536x784.jpg?strip=all 1536w, https:\/\/erz2erqb3k3.exactdn.com\/wp-content\/uploads\/2025\/01\/nas-tim-spinnaker-1-700x357.jpg?strip=all 700w, https:\/\/erz2erqb3k3.exactdn.com\/wp-content\/uploads\/2025\/01\/nas-tim-spinnaker-1.jpg?strip=all&amp;w=384 384w, https:\/\/erz2erqb3k3.exactdn.com\/wp-content\/uploads\/2025\/01\/nas-tim-spinnaker-1.jpg?strip=all&amp;w=1152 1152w, https:\/\/erz2erqb3k3.exactdn.com\/wp-content\/uploads\/2025\/01\/nas-tim-spinnaker-1.jpg?strip=all&amp;w=450 450w\" sizes=\"(max-width: 1920px) 100vw, 1920px\" \/>\t\t\t\t\t\t\t\t\t\t\t\t\t\t\t<\/div>\n\t\t\t\t<\/div>\n\t\t\t\t\t<\/div>\n\t\t<\/div>\n\t\t\t\t\t<\/div>\n\t\t<\/section>\n\t\t\t\t<\/div>\n\t\t","protected":false},"excerpt":{"rendered":"<p>Unser Team Freundlichkeit, Hilfsbereitschaft und ein L\u00e4cheln sind unsere Leitlinien f\u00fcr einen guten ersten Eindruck. Kompetenz in der Zubereitung und Pr\u00e4sentation von Speisen und Weinen sowie \u00e4u\u00dferste Diskretion sind unsere oberste Priorit\u00e4t w\u00e4hrend Ihres Aufenthaltes und Ihre Zufriedenheit und Ihre R\u00fcckkehr unsere Belohnung. Petar Bo\u017ei\u0107&#8230;<\/p>\n","protected":false},"author":1,"featured_media":0,"parent":0,"menu_order":3,"comment_status":"closed","ping_status":"closed","template":"full_width.php","meta":{"footnotes":""},"class_list":["post-4924","page","type-page","status-publish","hentry"],"_links":{"self":[{"href":"https:\/\/spinnaker.hr\/de\/wp-json\/wp\/v2\/pages\/4924","targetHints":{"allow":["GET"]}}],"collection":[{"href":"https:\/\/spinnaker.hr\/de\/wp-json\/wp\/v2\/pages"}],"about":[{"href":"https:\/\/spinnaker.hr\/de\/wp-json\/wp\/v2\/types\/page"}],"author":[{"embeddable":true,"href":"https:\/\/spinnaker.hr\/de\/wp-json\/wp\/v2\/users\/1"}],"replies":[{"embeddable":true,"href":"https:\/\/spinnaker.hr\/de\/wp-json\/wp\/v2\/comments?post=4924"}],"version-history":[{"count":12,"href":"https:\/\/spinnaker.hr\/de\/wp-json\/wp\/v2\/pages\/4924\/revisions"}],"predecessor-version":[{"id":7761,"href":"https:\/\/spinnaker.hr\/de\/wp-json\/wp\/v2\/pages\/4924\/revisions\/7761"}],"wp:attachment":[{"href":"https:\/\/spinnaker.hr\/de\/wp-json\/wp\/v2\/media?parent=4924"}],"curies":[{"name":"wp","href":"https:\/\/api.w.org\/{rel}","templated":true}]}}