{"id":4912,"date":"2021-07-07T13:26:06","date_gmt":"2021-07-07T13:26:06","guid":{"rendered":"https:\/\/spinnaker.hr\/kontakt\/"},"modified":"2026-01-21T14:17:08","modified_gmt":"2026-01-21T14:17:08","slug":"kontakt","status":"publish","type":"page","link":"https:\/\/spinnaker.hr\/de\/kontakt\/","title":{"rendered":"Kontakt"},"content":{"rendered":"\t\t<div data-elementor-type=\"wp-page\" data-elementor-id=\"4912\" class=\"elementor elementor-4912 elementor-701\">\n\t\t\t\t\t\t<section class=\"elementor-section elementor-top-section elementor-element elementor-element-f1bfad2 elementor-section-full_width qode_elementor_container_inner elementor-section-height-default elementor-section-height-default parallax_section_no\" data-id=\"f1bfad2\" data-element_type=\"section\">\n\t\t\t\t\t\t<div class=\"elementor-container elementor-column-gap-default\">\n\t\t\t\t\t<div class=\"elementor-column elementor-col-50 elementor-top-column elementor-element elementor-element-615e49d\" data-id=\"615e49d\" data-element_type=\"column\">\n\t\t\t<div class=\"elementor-widget-wrap elementor-element-populated\">\n\t\t\t\t\t\t<div class=\"elementor-element elementor-element-d9bac4c elementor-widget elementor-widget-google_maps\" data-id=\"d9bac4c\" data-element_type=\"widget\" data-widget_type=\"google_maps.default\">\n\t\t\t\t<div class=\"elementor-widget-container\">\n\t\t\t\t\t\t\t<div class=\"elementor-custom-embed\">\n\t\t\t<iframe loading=\"lazy\"\n\t\t\t\t\tsrc=\"https:\/\/www.google.com\/maps\/embed\/v1\/place?key=AIzaSyCRVlsVzAKAJkSUup-khHFs_ZpawgxCqOg&#038;q=Restoran%20Spinnaker%20Marina%20Ka%C5%A1tela%20Obala%20kralja%20Tomislava%2010a%2C%2021213%2C%20Ka%C5%A1tel%20Gomilica&#038;zoom=12\"\n\t\t\t\t\ttitle=\"Restoran Spinnaker Marina Ka\u0161tela Obala kralja Tomislava 10a, 21213, Ka\u0161tel Gomilica\"\n\t\t\t\t\taria-label=\"Restoran Spinnaker Marina Ka\u0161tela Obala kralja Tomislava 10a, 21213, Ka\u0161tel Gomilica\"\n\t\t\t><\/iframe>\n\t\t<\/div>\n\t\t\t\t\t\t<\/div>\n\t\t\t\t<\/div>\n\t\t\t\t\t<\/div>\n\t\t<\/div>\n\t\t\t\t<div class=\"elementor-column elementor-col-50 elementor-top-column elementor-element elementor-element-810a058\" data-id=\"810a058\" data-element_type=\"column\">\n\t\t\t<div class=\"elementor-widget-wrap elementor-element-populated\">\n\t\t\t\t\t\t<div class=\"elementor-element elementor-element-1b9b3f1 elementor-widget elementor-widget-text-editor\" data-id=\"1b9b3f1\" data-element_type=\"widget\" data-widget_type=\"text-editor.default\">\n\t\t\t\t<div class=\"elementor-widget-container\">\n\t\t\t\t\t\t\t\t\t<h3>Restaurant Spinnaker<\/h3>\t\t\t\t\t\t\t\t<\/div>\n\t\t\t\t<\/div>\n\t\t\t\t<div class=\"elementor-element elementor-element-603309c elementor-widget elementor-widget-text-editor\" data-id=\"603309c\" data-element_type=\"widget\" data-widget_type=\"text-editor.default\">\n\t\t\t\t<div class=\"elementor-widget-container\">\n\t\t\t\t\t\t\t\t\t<p>Spinnaker \u2013 als neue gastronomische Destination, verk\u00f6rpert alle traditionellen Werte, durchdrungen von Meeresharmonie und luftig-modernem Ambiente und verbindet auf ideale Weise neue Trends im Tourismus.<\/p><p>F\u00fcr alle Restaurantg\u00e4ste sind kostenlose Parkpl\u00e4tze sichergestellt!<\/p>\t\t\t\t\t\t\t\t<\/div>\n\t\t\t\t<\/div>\n\t\t\t\t<div class=\"elementor-element elementor-element-e675495 elementor-widget elementor-widget-bridge_icon_text\" data-id=\"e675495\" data-element_type=\"widget\" data-widget_type=\"bridge_icon_text.default\">\n\t\t\t\t<div class=\"elementor-widget-container\">\n\t\t\t\t\t<div class='q_icon_with_title tiny custom_icon_image left_from_title '><div class=\"icon_text_holder\" style=\"\"><div class=\"icon_text_inner\" style=\"\"><div class=\"icon_title_holder\"><div class=\"icon_holder \" style=\" \"><img decoding=\"async\" itemprop=\"image\" style=\"\" src=\"https:\/\/erz2erqb3k3.exactdn.com\/wp-content\/uploads\/2017\/08\/icon-1.png?strip=all&w=1920\" alt=\"\"><\/div><h6 class=\"icon_title\" style=\"color: #878787;\"> OBALA KRALJA TOMISLAVA 10A, 21213, KA\u0160TEL GOMILICA<\/h6><\/div><p style=''><\/p><\/div><\/div><\/div>\t\t\t\t<\/div>\n\t\t\t\t<\/div>\n\t\t\t\t<div class=\"elementor-element elementor-element-8469adf elementor-widget elementor-widget-bridge_icon_text\" data-id=\"8469adf\" data-element_type=\"widget\" data-widget_type=\"bridge_icon_text.default\">\n\t\t\t\t<div class=\"elementor-widget-container\">\n\t\t\t\t\t<div class='q_icon_with_title tiny custom_icon_image left_from_title '><div class=\"icon_text_holder\" style=\"\"><div class=\"icon_text_inner\" style=\"\"><div class=\"icon_title_holder\"><div class=\"icon_holder \" style=\" \"><img decoding=\"async\" itemprop=\"image\" style=\"\" src=\"https:\/\/erz2erqb3k3.exactdn.com\/wp-content\/uploads\/2017\/08\/icon-2.png?strip=all&w=1920\" alt=\"\"><\/div><h6 class=\"icon_title\" style=\"color: #878787;\">+385 98 921 4433<\/h6><\/div><p style=''><\/p><\/div><\/div><\/div>\t\t\t\t<\/div>\n\t\t\t\t<\/div>\n\t\t\t\t<div class=\"elementor-element elementor-element-459b78f elementor-widget elementor-widget-bridge_icon_text\" data-id=\"459b78f\" data-element_type=\"widget\" data-widget_type=\"bridge_icon_text.default\">\n\t\t\t\t<div class=\"elementor-widget-container\">\n\t\t\t\t\t<div class='q_icon_with_title tiny custom_icon_image left_from_title '><div class=\"icon_text_holder\" style=\"\"><div class=\"icon_text_inner\" style=\"\"><div class=\"icon_title_holder\"><div class=\"icon_holder \" style=\" \"><img decoding=\"async\" itemprop=\"image\" style=\"\" src=\"https:\/\/erz2erqb3k3.exactdn.com\/wp-content\/uploads\/2017\/08\/icon-3.png?strip=all&w=1920\" alt=\"\"><\/div><h6 class=\"icon_title\" style=\"color: #878787;\"> UGOSTITELJSTVO@MARINA-KASTELA.HR<\/h6><\/div><p style=''><\/p><\/div><\/div><\/div>\t\t\t\t<\/div>\n\t\t\t\t<\/div>\n\t\t\t\t\t<\/div>\n\t\t<\/div>\n\t\t\t\t\t<\/div>\n\t\t<\/section>\n\t\t\t\t<section class=\"elementor-section elementor-top-section elementor-element elementor-element-fce2d1d elementor-section-full_width qode_elementor_container_inner elementor-section-height-default elementor-section-height-default parallax_section_no\" data-id=\"fce2d1d\" data-element_type=\"section\">\n\t\t\t\t\t\t<div class=\"elementor-container elementor-column-gap-default\">\n\t\t\t\t\t<div class=\"elementor-column elementor-col-50 elementor-top-column elementor-element elementor-element-71b7a75\" data-id=\"71b7a75\" data-element_type=\"column\">\n\t\t\t<div class=\"elementor-widget-wrap elementor-element-populated\">\n\t\t\t\t\t\t<div class=\"elementor-element elementor-element-c9ea0a4 elementor-widget elementor-widget-bridge_cf_7\" data-id=\"c9ea0a4\" data-element_type=\"widget\" data-widget_type=\"bridge_cf_7.default\">\n\t\t\t\t<div class=\"elementor-widget-container\">\n\t\t\t\t\t    <div class=\"qode-contact-form-7 qode-contact-form-7-0\">\n    \n<div class=\"wpcf7 no-js\" id=\"wpcf7-f5662-o1\" lang=\"de-DE\" dir=\"ltr\" data-wpcf7-id=\"5662\">\n<div class=\"screen-reader-response\"><p role=\"status\" aria-live=\"polite\" aria-atomic=\"true\"><\/p> <ul><\/ul><\/div>\n<form action=\"\/de\/wp-json\/wp\/v2\/pages\/4912#wpcf7-f5662-o1\" method=\"post\" class=\"wpcf7-form init cf7_custom_style_1\" aria-label=\"Kontaktformular\" novalidate=\"novalidate\" data-status=\"init\">\n<fieldset class=\"hidden-fields-container\"><input type=\"hidden\" name=\"_wpcf7\" value=\"5662\" \/><input type=\"hidden\" name=\"_wpcf7_version\" value=\"6.1.3\" \/><input type=\"hidden\" name=\"_wpcf7_locale\" value=\"de_DE\" \/><input type=\"hidden\" name=\"_wpcf7_unit_tag\" value=\"wpcf7-f5662-o1\" \/><input type=\"hidden\" name=\"_wpcf7_container_post\" value=\"0\" \/><input type=\"hidden\" name=\"_wpcf7_posted_data_hash\" value=\"\" \/><input type=\"hidden\" name=\"_wpcf7_recaptcha_response\" value=\"\" \/>\n<\/fieldset>\n<p><span class=\"wpcf7-form-control-wrap\" data-name=\"your-name\"><input size=\"40\" maxlength=\"400\" class=\"wpcf7-form-control wpcf7-text wpcf7-validates-as-required\" aria-required=\"true\" aria-invalid=\"false\" placeholder=\"Name*\" value=\"\" type=\"text\" name=\"your-name\" \/><\/span><\/p>\n\n<p><span class=\"wpcf7-form-control-wrap\" data-name=\"your-email\"><input size=\"40\" maxlength=\"400\" class=\"wpcf7-form-control wpcf7-email wpcf7-validates-as-required wpcf7-text wpcf7-validates-as-email\" aria-required=\"true\" aria-invalid=\"false\" placeholder=\"E-mail*\" value=\"\" type=\"email\" name=\"your-email\" \/><\/span><\/p>\n\n<p><span class=\"wpcf7-form-control-wrap\" data-name=\"your-subject\"><input size=\"40\" maxlength=\"400\" class=\"wpcf7-form-control wpcf7-text wpcf7-validates-as-required\" aria-required=\"true\" aria-invalid=\"false\" placeholder=\"E-Mail Betreff*\" value=\"\" type=\"text\" name=\"your-subject\" \/><\/span><\/p>\n\n<p><span class=\"wpcf7-form-control-wrap\" data-name=\"your-message\"><textarea cols=\"40\" rows=\"10\" maxlength=\"2000\" class=\"wpcf7-form-control wpcf7-textarea wpcf7-validates-as-required\" aria-required=\"true\" aria-invalid=\"false\" placeholder=\"Kommentar*\" name=\"your-message\"><\/textarea><\/span><\/p>\n\n<input class=\"wpcf7-form-control wpcf7-submit has-spinner\" type=\"submit\" value=\"Schicken\" \/><div class=\"wpcf7-response-output\" aria-hidden=\"true\"><\/div>\n<\/form>\n<\/div>\n    <\/div>\n\t\t\t\t<\/div>\n\t\t\t\t<\/div>\n\t\t\t\t\t<\/div>\n\t\t<\/div>\n\t\t\t\t<div class=\"elementor-column elementor-col-50 elementor-top-column elementor-element elementor-element-98aed82\" data-id=\"98aed82\" data-element_type=\"column\">\n\t\t\t<div class=\"elementor-widget-wrap elementor-element-populated\">\n\t\t\t\t\t\t<div class=\"elementor-element elementor-element-b062639 elementor-widget elementor-widget-bridge_image_gallery\" data-id=\"b062639\" data-element_type=\"widget\" data-widget_type=\"bridge_image_gallery.default\">\n\t\t\t\t<div class=\"elementor-widget-container\">\n\t\t\t\t\t<div class=\"qode-image-gallery\"><div class=\"qode-image-gallery-inner\"><div class=\"qode-image-gallery-slides wpb_image_grid\" data-interval=\"\"data-control=\"false\"data-direction=\"false\"data-pause-on-hover=\"false\"data-drag=\"false\"><div class=\"gallery_holder\"><ul class=\"gallery_inner   v0\"><li class=\"no_grayscale\"><img decoding=\"async\" itemprop=\"image\" src=\"https:\/\/erz2erqb3k3.exactdn.com\/wp-content\/uploads\/2025\/01\/kontakt-donja-slika-opcija-2-1.jpg?strip=all\" \/><\/li><\/ul><\/div><\/div><\/div><\/div>\t\t\t\t<\/div>\n\t\t\t\t<\/div>\n\t\t\t\t\t<\/div>\n\t\t<\/div>\n\t\t\t\t\t<\/div>\n\t\t<\/section>\n\t\t\t\t<\/div>\n\t\t","protected":false},"excerpt":{"rendered":"<p>Restaurant Spinnaker Spinnaker \u2013 als neue gastronomische Destination, verk\u00f6rpert alle traditionellen Werte, durchdrungen von Meeresharmonie und luftig-modernem Ambiente und verbindet auf ideale Weise neue Trends im Tourismus. F\u00fcr alle Restaurantg\u00e4ste sind kostenlose Parkpl\u00e4tze sichergestellt! OBALA KRALJA TOMISLAVA 10A, 21213, KA\u0160TEL GOMILICA +385 98 921 4433&#8230;<\/p>\n","protected":false},"author":1,"featured_media":0,"parent":0,"menu_order":7,"comment_status":"closed","ping_status":"closed","template":"full_width.php","meta":{"footnotes":""},"class_list":["post-4912","page","type-page","status-publish","hentry"],"_links":{"self":[{"href":"https:\/\/spinnaker.hr\/de\/wp-json\/wp\/v2\/pages\/4912","targetHints":{"allow":["GET"]}}],"collection":[{"href":"https:\/\/spinnaker.hr\/de\/wp-json\/wp\/v2\/pages"}],"about":[{"href":"https:\/\/spinnaker.hr\/de\/wp-json\/wp\/v2\/types\/page"}],"author":[{"embeddable":true,"href":"https:\/\/spinnaker.hr\/de\/wp-json\/wp\/v2\/users\/1"}],"replies":[{"embeddable":true,"href":"https:\/\/spinnaker.hr\/de\/wp-json\/wp\/v2\/comments?post=4912"}],"version-history":[{"count":16,"href":"https:\/\/spinnaker.hr\/de\/wp-json\/wp\/v2\/pages\/4912\/revisions"}],"predecessor-version":[{"id":8479,"href":"https:\/\/spinnaker.hr\/de\/wp-json\/wp\/v2\/pages\/4912\/revisions\/8479"}],"wp:attachment":[{"href":"https:\/\/spinnaker.hr\/de\/wp-json\/wp\/v2\/media?parent=4912"}],"curies":[{"name":"wp","href":"https:\/\/api.w.org\/{rel}","templated":true}]}}